{"id":245,"date":"2022-11-02T10:55:15","date_gmt":"2022-11-02T10:55:15","guid":{"rendered":"https:\/\/alisnft.com\/acerca-de\/"},"modified":"2025-01-13T18:44:03","modified_gmt":"2025-01-13T18:44:03","slug":"acerca-de","status":"publish","type":"page","link":"https:\/\/alisnft.com\/es\/acerca-de\/","title":{"rendered":"Acerca de"},"content":{"rendered":"<p class=\"p1\">AlisNFT es una nueva y din\u00e1mica startup dedicada a servir a la creciente comunidad de NFT y criptomonedas. Nuestro portal est\u00e1 dise\u00f1ado como un centro \u00fanico para entusiastas, coleccionistas y desarrolladores, que proporciona acceso a una gran cantidad de recursos relacionados con las criptomonedas, las NFT y las herramientas de software esenciales.<\/p>\n<p class=\"p1\">Desde gu\u00edas detalladas y noticias del sector hasta enlaces a herramientas y plataformas que capacitan a creadores e inversores, AlisNFT simplifica tu viaje por el espacio de los activos digitales. Participa en una pr\u00f3spera comunidad de personas con ideas afines, comparte puntos de vista y descubre oportunidades innovadoras en el mundo de las NFT y la tecnolog\u00eda blockchain.<\/p>\n<p class=\"p1\">Tanto si eres un operador experimentado como si acabas de empezar, AlisNFT es tu puerta de entrada definitiva al ecosistema criptogr\u00e1fico.<\/p>\n","protected":false},"excerpt":{"rendered":"<p>AlisNFT es una nueva y din\u00e1mica startup dedicada a servir a la creciente comunidad de NFT y criptomonedas. Nuestro portal est\u00e1 dise\u00f1ado como un centro<\/p>\n","protected":false},"author":1,"featured_media":0,"parent":0,"menu_order":0,"comment_status":"closed","ping_status":"closed","template":"","meta":{"footnotes":""},"class_list":["post-245","page","type-page","status-publish","hentry"],"yoast_head":"<!-- This site is optimized with the Yoast SEO plugin v26.5 - https:\/\/yoast.com\/wordpress\/plugins\/seo\/ -->\n<title>Acerca de - AlisNFT<\/title>\n<meta name=\"robots\" content=\"index, follow, max-snippet:-1, max-image-preview:large, max-video-preview:-1\" \/>\n<link rel=\"canonical\" href=\"https:\/\/alisnft.com\/es\/acerca-de\/\" \/>\n<meta property=\"og:locale\" content=\"es_ES\" \/>\n<meta property=\"og:type\" content=\"article\" \/>\n<meta property=\"og:title\" content=\"Acerca de - AlisNFT\" \/>\n<meta property=\"og:description\" content=\"AlisNFT es una nueva y din\u00e1mica startup dedicada a servir a la creciente comunidad de NFT y criptomonedas. Nuestro portal est\u00e1 dise\u00f1ado como un centro\" \/>\n<meta property=\"og:url\" content=\"https:\/\/alisnft.com\/es\/acerca-de\/\" \/>\n<meta property=\"og:site_name\" content=\"AlisNFT\" \/>\n<meta property=\"article:modified_time\" content=\"2025-01-13T18:44:03+00:00\" \/>\n<meta name=\"twitter:card\" content=\"summary_large_image\" \/>\n<meta name=\"twitter:label1\" content=\"Tiempo de lectura\" \/>\n\t<meta name=\"twitter:data1\" content=\"1 minuto\" \/>\n<script type=\"application\/ld+json\" class=\"yoast-schema-graph\">{\"@context\":\"https:\/\/schema.org\",\"@graph\":[{\"@type\":\"WebPage\",\"@id\":\"https:\/\/alisnft.com\/es\/acerca-de\/\",\"url\":\"https:\/\/alisnft.com\/es\/acerca-de\/\",\"name\":\"Acerca de - AlisNFT\",\"isPartOf\":{\"@id\":\"https:\/\/alisnft.com\/es\/#website\"},\"datePublished\":\"2022-11-02T10:55:15+00:00\",\"dateModified\":\"2025-01-13T18:44:03+00:00\",\"breadcrumb\":{\"@id\":\"https:\/\/alisnft.com\/es\/acerca-de\/#breadcrumb\"},\"inLanguage\":\"es\",\"potentialAction\":[{\"@type\":\"ReadAction\",\"target\":[\"https:\/\/alisnft.com\/es\/acerca-de\/\"]}]},{\"@type\":\"BreadcrumbList\",\"@id\":\"https:\/\/alisnft.com\/es\/acerca-de\/#breadcrumb\",\"itemListElement\":[{\"@type\":\"ListItem\",\"position\":1,\"name\":\"Home\",\"item\":\"https:\/\/alisnft.com\/es\/\"},{\"@type\":\"ListItem\",\"position\":2,\"name\":\"Acerca de\"}]},{\"@type\":\"WebSite\",\"@id\":\"https:\/\/alisnft.com\/es\/#website\",\"url\":\"https:\/\/alisnft.com\/es\/\",\"name\":\"AlisNFT\",\"description\":\"\",\"publisher\":{\"@id\":\"https:\/\/alisnft.com\/es\/#organization\"},\"potentialAction\":[{\"@type\":\"SearchAction\",\"target\":{\"@type\":\"EntryPoint\",\"urlTemplate\":\"https:\/\/alisnft.com\/es\/?s={search_term_string}\"},\"query-input\":{\"@type\":\"PropertyValueSpecification\",\"valueRequired\":true,\"valueName\":\"search_term_string\"}}],\"inLanguage\":\"es\"},{\"@type\":\"Organization\",\"@id\":\"https:\/\/alisnft.com\/es\/#organization\",\"name\":\"AlisNFT\",\"url\":\"https:\/\/alisnft.com\/es\/\",\"logo\":{\"@type\":\"ImageObject\",\"inLanguage\":\"es\",\"@id\":\"https:\/\/alisnft.com\/es\/#\/schema\/logo\/image\/\",\"url\":\"https:\/\/alisnft.com\/wp-content\/uploads\/2022\/11\/logo-alisnft.png\",\"contentUrl\":\"https:\/\/alisnft.com\/wp-content\/uploads\/2022\/11\/logo-alisnft.png\",\"width\":80,\"height\":80,\"caption\":\"AlisNFT\"},\"image\":{\"@id\":\"https:\/\/alisnft.com\/es\/#\/schema\/logo\/image\/\"}}]}<\/script>\n<!-- \/ Yoast SEO plugin. -->","yoast_head_json":{"title":"Acerca de - AlisNFT","robots":{"index":"index","follow":"follow","max-snippet":"max-snippet:-1","max-image-preview":"max-image-preview:large","max-video-preview":"max-video-preview:-1"},"canonical":"https:\/\/alisnft.com\/es\/acerca-de\/","og_locale":"es_ES","og_type":"article","og_title":"Acerca de - AlisNFT","og_description":"AlisNFT es una nueva y din\u00e1mica startup dedicada a servir a la creciente comunidad de NFT y criptomonedas. Nuestro portal est\u00e1 dise\u00f1ado como un centro","og_url":"https:\/\/alisnft.com\/es\/acerca-de\/","og_site_name":"AlisNFT","article_modified_time":"2025-01-13T18:44:03+00:00","twitter_card":"summary_large_image","twitter_misc":{"Tiempo de lectura":"1 minuto"},"schema":{"@context":"https:\/\/schema.org","@graph":[{"@type":"WebPage","@id":"https:\/\/alisnft.com\/es\/acerca-de\/","url":"https:\/\/alisnft.com\/es\/acerca-de\/","name":"Acerca de - AlisNFT","isPartOf":{"@id":"https:\/\/alisnft.com\/es\/#website"},"datePublished":"2022-11-02T10:55:15+00:00","dateModified":"2025-01-13T18:44:03+00:00","breadcrumb":{"@id":"https:\/\/alisnft.com\/es\/acerca-de\/#breadcrumb"},"inLanguage":"es","potentialAction":[{"@type":"ReadAction","target":["https:\/\/alisnft.com\/es\/acerca-de\/"]}]},{"@type":"BreadcrumbList","@id":"https:\/\/alisnft.com\/es\/acerca-de\/#breadcrumb","itemListElement":[{"@type":"ListItem","position":1,"name":"Home","item":"https:\/\/alisnft.com\/es\/"},{"@type":"ListItem","position":2,"name":"Acerca de"}]},{"@type":"WebSite","@id":"https:\/\/alisnft.com\/es\/#website","url":"https:\/\/alisnft.com\/es\/","name":"AlisNFT","description":"","publisher":{"@id":"https:\/\/alisnft.com\/es\/#organization"},"potentialAction":[{"@type":"SearchAction","target":{"@type":"EntryPoint","urlTemplate":"https:\/\/alisnft.com\/es\/?s={search_term_string}"},"query-input":{"@type":"PropertyValueSpecification","valueRequired":true,"valueName":"search_term_string"}}],"inLanguage":"es"},{"@type":"Organization","@id":"https:\/\/alisnft.com\/es\/#organization","name":"AlisNFT","url":"https:\/\/alisnft.com\/es\/","logo":{"@type":"ImageObject","inLanguage":"es","@id":"https:\/\/alisnft.com\/es\/#\/schema\/logo\/image\/","url":"https:\/\/alisnft.com\/wp-content\/uploads\/2022\/11\/logo-alisnft.png","contentUrl":"https:\/\/alisnft.com\/wp-content\/uploads\/2022\/11\/logo-alisnft.png","width":80,"height":80,"caption":"AlisNFT"},"image":{"@id":"https:\/\/alisnft.com\/es\/#\/schema\/logo\/image\/"}}]}},"_links":{"self":[{"href":"https:\/\/alisnft.com\/es\/wp-json\/wp\/v2\/pages\/245","targetHints":{"allow":["GET"]}}],"collection":[{"href":"https:\/\/alisnft.com\/es\/wp-json\/wp\/v2\/pages"}],"about":[{"href":"https:\/\/alisnft.com\/es\/wp-json\/wp\/v2\/types\/page"}],"author":[{"embeddable":true,"href":"https:\/\/alisnft.com\/es\/wp-json\/wp\/v2\/users\/1"}],"replies":[{"embeddable":true,"href":"https:\/\/alisnft.com\/es\/wp-json\/wp\/v2\/comments?post=245"}],"version-history":[{"count":1,"href":"https:\/\/alisnft.com\/es\/wp-json\/wp\/v2\/pages\/245\/revisions"}],"predecessor-version":[{"id":246,"href":"https:\/\/alisnft.com\/es\/wp-json\/wp\/v2\/pages\/245\/revisions\/246"}],"wp:attachment":[{"href":"https:\/\/alisnft.com\/es\/wp-json\/wp\/v2\/media?parent=245"}],"curies":[{"name":"wp","href":"https:\/\/api.w.org\/{rel}","templated":true}]}}